{"id":16642,"date":"2017-04-26T23:41:38","date_gmt":"2017-04-26T20:41:38","guid":{"rendered":"http:\/\/lubmax.pl\/eier"},"modified":"2023-04-19T01:20:30","modified_gmt":"2023-04-18T22:20:30","slug":"eier","status":"publish","type":"page","link":"https:\/\/lubmax.eu\/de\/eier","title":{"rendered":"Eier"},"content":{"rendered":"\t\t<div data-elementor-type=\"wp-page\" data-elementor-id=\"16642\" class=\"elementor elementor-16642 elementor-15484\">\n\t\t\t\t\t\t\t\t\t<section class=\"elementor-section elementor-top-section elementor-element elementor-element-d89ba6c elementor-section-boxed elementor-section-height-default elementor-section-height-default\" data-id=\"d89ba6c\" data-element_type=\"section\">\n\t\t\t\t\t\t<div class=\"elementor-container elementor-column-gap-default\">\n\t\t\t\t\t<div class=\"elementor-column elementor-col-100 elementor-top-column elementor-element elementor-element-7093b2d\" data-id=\"7093b2d\" data-element_type=\"column\">\n\t\t\t<div class=\"elementor-widget-wrap elementor-element-populated\">\n\t\t\t\t\t\t\t\t<section class=\"elementor-section elementor-inner-section elementor-element elementor-element-d9ec30e elementor-section-boxed elementor-section-height-default elementor-section-height-default\" data-id=\"d9ec30e\" data-element_type=\"section\">\n\t\t\t\t\t\t<div class=\"elementor-container elementor-column-gap-default\">\n\t\t\t\t\t<div class=\"elementor-column elementor-col-50 elementor-inner-column elementor-element elementor-element-278f011\" data-id=\"278f011\" data-element_type=\"column\">\n\t\t\t<div class=\"elementor-widget-wrap elementor-element-populated\">\n\t\t\t\t\t\t\t\t<div class=\"elementor-element elementor-element-e023b83 elementor-grid-eael-col-2 elementor-grid-tablet-eael-col-2 elementor-grid-mobile-eael-col-1 elementor-widget elementor-widget-eael-post-grid\" data-id=\"e023b83\" data-element_type=\"widget\" data-settings=\"{&quot;eael_post_grid_columns&quot;:&quot;eael-col-2&quot;,&quot;eael_post_grid_columns_tablet&quot;:&quot;eael-col-2&quot;,&quot;eael_post_grid_columns_mobile&quot;:&quot;eael-col-1&quot;}\" data-widget_type=\"eael-post-grid.default\">\n\t\t\t\t<div class=\"elementor-widget-container\">\n\t\t\t<div id=\"eael-post-grid-e023b83\" class=\"eael-post-grid-container\">\n            <div class=\"eael-post-grid eael-post-appender eael-post-appender-e023b83 eael-post-grid-style-three\" data-layout-mode=\"masonry\"><article class=\"eael-grid-post eael-post-grid-column\" data-id=\"16071\">\n        <div class=\"eael-grid-post-holder\">\n            <div class=\"eael-grid-post-holder-inner\"><div class=\"eael-entry-media\"><div class=\"eael-entry-overlay none\"><i class=\"fas fa-long-arrow-alt-right\" aria-hidden=\"true\"><\/i><a href=\"https:\/\/lubmax.eu\/de\/project\/wachteleier\"><\/a><\/div><div class=\"eael-entry-thumbnail \">\n                 <img width=\"610\" height=\"383\" src=\"https:\/\/lubmax.eu\/wp-content\/uploads\/2017\/05\/jajka-przepi-rcze.jpg\" class=\"attachment-medium_large size-medium_large wp-image-27228\" alt=\"Jajka przepi\u00f3rcze\" decoding=\"async\" loading=\"lazy\" srcset=\"https:\/\/lubmax.eu\/wp-content\/uploads\/2017\/05\/jajka-przepi-rcze.jpg 610w, https:\/\/lubmax.eu\/wp-content\/uploads\/2017\/05\/jajka-przepi-rcze-300x188.jpg 300w\" sizes=\"(max-width: 610px) 100vw, 610px\" \/>\n             <\/div>\n        <\/div><div class=\"eael-entry-wrapper\"><header class=\"eael-entry-header\"><h2 class=\"eael-entry-title\"><a\n                        class=\"eael-grid-post-link\"\n                        href=\"https:\/\/lubmax.eu\/de\/project\/wachteleier\"\n                        title=\"Wachteleier\">Wachteleier<\/a><\/h2><\/header><div class=\"eael-entry-content\">\n                        <div class=\"eael-grid-post-excerpt\"><p>16 St\u00fcck pro Packung, in Kartons \u00e0 15 Packungen<\/p><\/div>\n                    <\/div><\/div><\/div>\n        <\/div>\n    <\/article><article class=\"eael-grid-post eael-post-grid-column\" data-id=\"16829\">\n        <div class=\"eael-grid-post-holder\">\n            <div class=\"eael-grid-post-holder-inner\"><div class=\"eael-entry-media\"><div class=\"eael-entry-overlay none\"><i class=\"fas fa-long-arrow-alt-right\" aria-hidden=\"true\"><\/i><a href=\"https:\/\/lubmax.eu\/de\/project\/huhnereier-m-bodenhaltung\"><\/a><\/div><div class=\"eael-entry-thumbnail \">\n                 <img width=\"650\" height=\"433\" src=\"https:\/\/lubmax.eu\/wp-content\/uploads\/2017\/05\/jaja-nowe.jpg\" class=\"attachment-medium_large size-medium_large wp-image-16063\" alt=\"\u041a\u0443\u0440\u0438\u043d\u044b\u0435 \u044f\u0439\u0446\u0430\" decoding=\"async\" loading=\"lazy\" srcset=\"https:\/\/lubmax.eu\/wp-content\/uploads\/2017\/05\/jaja-nowe.jpg 650w, https:\/\/lubmax.eu\/wp-content\/uploads\/2017\/05\/jaja-nowe-300x200.jpg 300w\" sizes=\"(max-width: 650px) 100vw, 650px\" \/>\n             <\/div>\n        <\/div><div class=\"eael-entry-wrapper\"><header class=\"eael-entry-header\"><h2 class=\"eael-entry-title\"><a\n                        class=\"eael-grid-post-link\"\n                        href=\"https:\/\/lubmax.eu\/de\/project\/huhnereier-m-bodenhaltung\"\n                        title=\"H\u00fchnereier(Freilandhaltung) L\">H\u00fchnereier(Freilandhaltung) L<\/a><\/h2><\/header><div class=\"eael-entry-content\">\n                        <div class=\"eael-grid-post-excerpt\"><p>10 St\u00fcck pro Packung, in Kartons \u00e0 18 Packungen.<\/p><\/div>\n                    <\/div><\/div><\/div>\n        <\/div>\n    <\/article><\/div>\n            <div class=\"clearfix\"><\/div>\n        <\/div>\t\t<\/div>\n\t\t\t\t<\/div>\n\t\t\t\t\t<\/div>\n\t\t<\/div>\n\t\t\t\t<div class=\"elementor-column elementor-col-50 elementor-inner-column elementor-element elementor-element-6e703f5 elementor-hidden-tablet elementor-hidden-mobile\" data-id=\"6e703f5\" data-element_type=\"column\">\n\t\t\t<div class=\"elementor-widget-wrap elementor-element-populated\">\n\t\t\t\t\t\t\t\t<div class=\"elementor-element elementor-element-4e62838 elementor-widget elementor-widget-sidebar\" data-id=\"4e62838\" data-element_type=\"widget\" data-widget_type=\"sidebar.default\">\n\t\t\t\t<div class=\"elementor-widget-container\">\n\t\t\t<section id=\"nav_menu-2\" class=\"widget widget_nav_menu\"><div class=\"menu-vertical-menu-pl-nemetskij-container\"><ul id=\"menu-vertical-menu-pl-nemetskij\" class=\"menu\"><li id=\"menu-item-16702\" class=\"menu-item menu-item-type-post_type menu-item-object-post menu-item-home menu-item-16702\"><a href=\"https:\/\/lubmax.eu\/de\">\u00dcber uns<\/a><\/li>\n<li id=\"menu-item-15198\" class=\"menu-item menu-item-type-post_type menu-item-object-post menu-item-15198\"><a href=\"https:\/\/lubmax.eu\/de\/angebot\">Angebot<\/a><\/li>\n<li id=\"menu-item-38135\" class=\"menu-item menu-item-type-post_type menu-item-object-page menu-item-38135\"><a href=\"https:\/\/lubmax.eu\/de\/angebot-der-woche\">Angebot der Woche<\/a><\/li>\n<li id=\"menu-item-16661\" class=\"menu-item menu-item-type-post_type menu-item-object-post menu-item-16661\"><a href=\"https:\/\/lubmax.eu\/de\/frisches-obst\">Frisches Obst<\/a><\/li>\n<li id=\"menu-item-43391\" class=\"menu-item menu-item-type-post_type menu-item-object-page menu-item-43391\"><a href=\"https:\/\/lubmax.eu\/de\/galerie\">Galerie<\/a><\/li>\n<li id=\"menu-item-15199\" class=\"menu-item menu-item-type-post_type menu-item-object-post menu-item-15199\"><a href=\"https:\/\/lubmax.eu\/de\/kontakt\">Kontakt<\/a><\/li>\n<li id=\"menu-item-16662\" class=\"menu-item menu-item-type-post_type menu-item-object-post menu-item-16662\"><a href=\"https:\/\/lubmax.eu\/de\/frisches-gemuse\">Frisches Gem\u00fcse<\/a><\/li>\n<li id=\"menu-item-42521\" class=\"menu-item menu-item-type-post_type menu-item-object-page menu-item-42521\"><a href=\"https:\/\/lubmax.eu\/de\/eigene-produkte\">Eigene Produkte<\/a><\/li>\n<li id=\"menu-item-39993\" class=\"menu-item menu-item-type-post_type menu-item-object-page menu-item-39993\"><a href=\"https:\/\/lubmax.eu\/de\/getrocknete-obst-und-pilze\">Getrocknete Obst und Pilze<\/a><\/li>\n<li id=\"menu-item-16663\" class=\"menu-item menu-item-type-post_type menu-item-object-post menu-item-16663\"><a href=\"https:\/\/lubmax.eu\/de\/eingelegtes\">Sauergem\u00fcse<\/a><\/li>\n<li id=\"menu-item-16664\" class=\"menu-item menu-item-type-post_type menu-item-object-post menu-item-has-children menu-item-16664\"><a href=\"https:\/\/lubmax.eu\/de\/milch-und-molkereierzeugnisse\">Milch- und Molkereierzeugnisse<\/a>\n<ul class=\"sub-menu\">\n\t<li id=\"menu-item-21822\" class=\"menu-item menu-item-type-post_type menu-item-object-page menu-item-21822\"><a href=\"https:\/\/lubmax.eu\/de\/lubmax\">Lubmax<\/a><\/li>\n\t<li id=\"menu-item-21821\" class=\"menu-item menu-item-type-post_type menu-item-object-page menu-item-21821\"><a href=\"https:\/\/lubmax.eu\/de\/mlekovita\">Mlekovita<\/a><\/li>\n\t<li id=\"menu-item-21820\" class=\"menu-item menu-item-type-post_type menu-item-object-page menu-item-21820\"><a href=\"https:\/\/lubmax.eu\/de\/zott-mlekpol-krasnystaw-piatnica\">Andere<\/a><\/li>\n<\/ul>\n<\/li>\n<li id=\"menu-item-21767\" class=\"menu-item menu-item-type-post_type menu-item-object-page menu-item-has-children menu-item-21767\"><a href=\"https:\/\/lubmax.eu\/de\/fleischerzeugnisse_sokolow\">Fleischerzeugnisse<\/a>\n<ul class=\"sub-menu\">\n\t<li id=\"menu-item-45417\" class=\"menu-item menu-item-type-post_type menu-item-object-page menu-item-45417\"><a href=\"https:\/\/lubmax.eu\/de\/sokolow-2\">Sokolow<\/a><\/li>\n\t<li id=\"menu-item-46467\" class=\"menu-item menu-item-type-post_type menu-item-object-page menu-item-46467\"><a href=\"https:\/\/lubmax.eu\/de\/bohodukhivskyi\">Bohodukhivskyi<\/a><\/li>\n<\/ul>\n<\/li>\n<li id=\"menu-item-16666\" class=\"menu-item menu-item-type-post_type menu-item-object-post menu-item-16666\"><a href=\"https:\/\/lubmax.eu\/de\/fertiggerichte\">Fertiggerichte<\/a><\/li>\n<li id=\"menu-item-16667\" class=\"menu-item menu-item-type-post_type menu-item-object-post menu-item-has-children menu-item-16667\"><a href=\"https:\/\/lubmax.eu\/de\/fleisch-und-fischkonserven\">Fleisch-und Fischkonserven<\/a>\n<ul class=\"sub-menu\">\n\t<li id=\"menu-item-40488\" class=\"menu-item menu-item-type-post_type menu-item-object-page menu-item-40488\"><a href=\"https:\/\/lubmax.eu\/de\/admiral-franco\">Admiral Franco<\/a><\/li>\n\t<li id=\"menu-item-32055\" class=\"menu-item menu-item-type-post_type menu-item-object-post menu-item-32055\"><a href=\"https:\/\/lubmax.eu\/de\/fleischkonserven-lukow\">Fleischkonserven \u0141uk\u00f3w<\/a><\/li>\n<\/ul>\n<\/li>\n<li id=\"menu-item-16668\" class=\"menu-item menu-item-type-post_type menu-item-object-post menu-item-has-children menu-item-16668\"><a href=\"https:\/\/lubmax.eu\/de\/gemusekonserven\">Gem\u00fcsekonserven<\/a>\n<ul class=\"sub-menu\">\n\t<li id=\"menu-item-21916\" class=\"menu-item menu-item-type-post_type menu-item-object-page menu-item-21916\"><a href=\"https:\/\/lubmax.eu\/de\/frubex\">Frubex<\/a><\/li>\n\t<li id=\"menu-item-21917\" class=\"menu-item menu-item-type-post_type menu-item-object-page menu-item-21917\"><a href=\"https:\/\/lubmax.eu\/de\/vitarol\">Vitarol<\/a><\/li>\n\t<li id=\"menu-item-21915\" class=\"menu-item menu-item-type-post_type menu-item-object-page menu-item-21915\"><a href=\"https:\/\/lubmax.eu\/de\/green-garden-und-andere\">Jamar, Green Garden und andere<\/a><\/li>\n<\/ul>\n<\/li>\n<li id=\"menu-item-16669\" class=\"menu-item menu-item-type-post_type menu-item-object-post menu-item-16669\"><a href=\"https:\/\/lubmax.eu\/de\/susigkeiten\">S\u00fc\u00dfigkeiten und Snacks<\/a><\/li>\n<li id=\"menu-item-16670\" class=\"menu-item menu-item-type-post_type menu-item-object-post menu-item-16670\"><a href=\"https:\/\/lubmax.eu\/de\/safte-limonaden-und-sirupe\">S\u00e4fte, Limonaden und Sirupe<\/a><\/li>\n<li id=\"menu-item-16671\" class=\"menu-item menu-item-type-post_type menu-item-object-post menu-item-16671\"><a href=\"https:\/\/lubmax.eu\/de\/grob-und-teigwaren\">Gr\u00fctze, Nudeln, Mehl<\/a><\/li>\n<li id=\"menu-item-16672\" class=\"menu-item menu-item-type-post_type menu-item-object-post menu-item-16672\"><a href=\"https:\/\/lubmax.eu\/de\/saucen-und-gewurze\">Saucen und Gew\u00fcrze<\/a><\/li>\n<li id=\"menu-item-16673\" class=\"menu-item menu-item-type-post_type menu-item-object-post menu-item-16673\"><a href=\"https:\/\/lubmax.eu\/de\/eier\">Eier<\/a><\/li>\n<li id=\"menu-item-16674\" class=\"menu-item menu-item-type-post_type menu-item-object-post menu-item-16674\"><a href=\"https:\/\/lubmax.eu\/de\/nonfood-produkte\">Nonfood \u2014 Produkte<\/a><\/li>\n<li id=\"menu-item-16675\" class=\"menu-item menu-item-type-post_type menu-item-object-post menu-item-16675\"><a href=\"https:\/\/lubmax.eu\/de\/apfel-vorubergehend-nicht-verfugbar\">\u00c4pfel vor\u00fcbergehend nicht verf\u00fcgbar<\/a><\/li>\n<li id=\"menu-item-16676\" class=\"menu-item menu-item-type-post_type menu-item-object-post menu-item-16676\"><a href=\"https:\/\/lubmax.eu\/de\/obst-und-gemuse-der-saison\">Obst und Gem\u00fcse der Saison<\/a><\/li>\n<li id=\"menu-item-wpml-ls-48-de\" class=\"menu-item wpml-ls-slot-48 wpml-ls-item wpml-ls-item-de wpml-ls-current-language wpml-ls-menu-item menu-item-type-wpml_ls_menu_item menu-item-object-wpml_ls_menu_item menu-item-has-children menu-item-wpml-ls-48-de\"><a title=\"Deutsch\" href=\"https:\/\/lubmax.eu\/de\"><img\n            class=\"wpml-ls-flag\"\n            src=\"https:\/\/lubmax.eu\/wp-content\/plugins\/sitepress-multilingual-cms\/res\/flags\/de.png\"\n            alt=\"\"\n            \n            \n    \/><span class=\"wpml-ls-display\">Deutsch<\/span><\/a>\n<ul class=\"sub-menu\">\n\t<li id=\"menu-item-wpml-ls-48-pl\" class=\"menu-item wpml-ls-slot-48 wpml-ls-item wpml-ls-item-pl wpml-ls-menu-item wpml-ls-first-item menu-item-type-wpml_ls_menu_item menu-item-object-wpml_ls_menu_item menu-item-wpml-ls-48-pl\"><a title=\"Polnisch\" href=\"https:\/\/lubmax.eu\"><img\n            class=\"wpml-ls-flag\"\n            src=\"https:\/\/lubmax.eu\/wp-content\/plugins\/sitepress-multilingual-cms\/res\/flags\/pl.png\"\n            alt=\"\"\n            \n            \n    \/><span class=\"wpml-ls-display\">Polnisch<\/span><\/a><\/li>\n\t<li id=\"menu-item-wpml-ls-48-ru\" class=\"menu-item wpml-ls-slot-48 wpml-ls-item wpml-ls-item-ru wpml-ls-menu-item wpml-ls-last-item menu-item-type-wpml_ls_menu_item menu-item-object-wpml_ls_menu_item menu-item-wpml-ls-48-ru\"><a title=\"Russisch\" href=\"https:\/\/lubmax.eu\/ru\"><img\n            class=\"wpml-ls-flag\"\n            src=\"https:\/\/lubmax.eu\/wp-content\/plugins\/sitepress-multilingual-cms\/res\/flags\/ru.png\"\n            alt=\"\"\n            \n            \n    \/><span class=\"wpml-ls-display\">Russisch<\/span><\/a><\/li>\n<\/ul>\n<\/li>\n<\/ul><\/div><\/section>\t\t<\/div>\n\t\t\t\t<\/div>\n\t\t\t\t\t<\/div>\n\t\t<\/div>\n\t\t\t\t\t\t\t<\/div>\n\t\t<\/section>\n\t\t\t\t\t<\/div>\n\t\t<\/div>\n\t\t\t\t\t\t\t<\/div>\n\t\t<\/section>\n\t\t\t\t\t\t\t<\/div>\n\t\t","protected":false},"excerpt":{"rendered":"<p>\u042f\u0439\u0446\u0430 \u043f\u0435\u0440\u0435\u043f\u0435\u043b\u0438\u043d\u044b\u0435 16 \u0448\u0442\u0443\u043a \u0432 \u0443\u043f\u0430\u043a\u043e\u0432\u043a\u0435. \u041f\u0440\u043e\u0434\u0430\u044e\u0442\u0441\u044f \u0432 \u043a\u043e\u0440\u043e\u0431\u043a\u0430\u0445 \u043f\u043e 15 \u0443\u043f\u0430\u043a\u043e\u0432\u043e\u043a \u041a\u0443\u0440\u0438\u043d\u044b\u0435 \u044f\u0439\u0446\u0430 10 \u0448\u0442\u0443\u043a \u0432 \u0443\u043f\u0430\u043a\u043e\u0432\u043a\u0435. \u041f\u0440\u043e\u0434\u0430\u044e\u0442\u0441\u044f \u0432 \u043a\u043e\u0440\u043e\u0431\u043a\u0430\u0445 \u043f\u043e 18 \u0443\u043f\u0430\u043a\u043e\u0432\u043e\u043a.<\/p>\n","protected":false},"author":1,"featured_media":0,"parent":0,"menu_order":0,"comment_status":"closed","ping_status":"closed","template":"elementor_header_footer","meta":{"_links_to":"","_links_to_target":""},"_links":{"self":[{"href":"https:\/\/lubmax.eu\/de\/wp-json\/wp\/v2\/pages\/16642"}],"collection":[{"href":"https:\/\/lubmax.eu\/de\/wp-json\/wp\/v2\/pages"}],"about":[{"href":"https:\/\/lubmax.eu\/de\/wp-json\/wp\/v2\/types\/page"}],"author":[{"embeddable":true,"href":"https:\/\/lubmax.eu\/de\/wp-json\/wp\/v2\/users\/1"}],"replies":[{"embeddable":true,"href":"https:\/\/lubmax.eu\/de\/wp-json\/wp\/v2\/comments?post=16642"}],"version-history":[{"count":7,"href":"https:\/\/lubmax.eu\/de\/wp-json\/wp\/v2\/pages\/16642\/revisions"}],"predecessor-version":[{"id":37764,"href":"https:\/\/lubmax.eu\/de\/wp-json\/wp\/v2\/pages\/16642\/revisions\/37764"}],"wp:attachment":[{"href":"https:\/\/lubmax.eu\/de\/wp-json\/wp\/v2\/media?parent=16642"}],"curies":[{"name":"wp","href":"https:\/\/api.w.org\/{rel}","templated":true}]}}