{"id":16644,"date":"2017-04-26T23:42:36","date_gmt":"2017-04-26T20:42:36","guid":{"rendered":"http:\/\/lubmax.pl\/nonfood-produkte"},"modified":"2023-04-19T01:24:46","modified_gmt":"2023-04-18T22:24:46","slug":"nonfood-produkte","status":"publish","type":"page","link":"https:\/\/lubmax.eu\/de\/nonfood-produkte","title":{"rendered":"Nonfood &#8211; Produkte"},"content":{"rendered":"\t\t<div data-elementor-type=\"wp-page\" data-elementor-id=\"16644\" class=\"elementor elementor-16644 elementor-15486\">\n\t\t\t\t\t\t\t\t\t<section class=\"elementor-section elementor-top-section elementor-element elementor-element-386f890 elementor-section-boxed elementor-section-height-default elementor-section-height-default\" data-id=\"386f890\" data-element_type=\"section\">\n\t\t\t\t\t\t<div class=\"elementor-container elementor-column-gap-default\">\n\t\t\t\t\t<div class=\"elementor-column elementor-col-100 elementor-top-column elementor-element elementor-element-8bc0468\" data-id=\"8bc0468\" data-element_type=\"column\">\n\t\t\t<div class=\"elementor-widget-wrap elementor-element-populated\">\n\t\t\t\t\t\t\t\t<section class=\"elementor-section elementor-inner-section elementor-element elementor-element-71d1b58 elementor-section-boxed elementor-section-height-default elementor-section-height-default\" data-id=\"71d1b58\" data-element_type=\"section\">\n\t\t\t\t\t\t<div class=\"elementor-container elementor-column-gap-default\">\n\t\t\t\t\t<div class=\"elementor-column elementor-col-50 elementor-inner-column elementor-element elementor-element-bcd90c8\" data-id=\"bcd90c8\" data-element_type=\"column\">\n\t\t\t<div class=\"elementor-widget-wrap elementor-element-populated\">\n\t\t\t\t\t\t\t\t<div class=\"elementor-element elementor-element-229bb7d elementor-grid-eael-col-2 elementor-grid-tablet-eael-col-2 elementor-grid-mobile-eael-col-1 elementor-widget elementor-widget-eael-post-grid\" data-id=\"229bb7d\" data-element_type=\"widget\" data-settings=\"{&quot;eael_post_grid_columns&quot;:&quot;eael-col-2&quot;,&quot;eael_post_grid_columns_tablet&quot;:&quot;eael-col-2&quot;,&quot;eael_post_grid_columns_mobile&quot;:&quot;eael-col-1&quot;}\" data-widget_type=\"eael-post-grid.default\">\n\t\t\t\t<div class=\"elementor-widget-container\">\n\t\t\t<div id=\"eael-post-grid-229bb7d\" class=\"eael-post-grid-container\">\n            <div class=\"eael-post-grid eael-post-appender eael-post-appender-229bb7d eael-post-grid-style-three\" data-layout-mode=\"masonry\"><article class=\"eael-grid-post eael-post-grid-column\" data-id=\"31663\">\n        <div class=\"eael-grid-post-holder\">\n            <div class=\"eael-grid-post-holder-inner\"><div class=\"eael-entry-media\"><div class=\"eael-entry-overlay none\"><i class=\"fas fa-long-arrow-alt-right\" aria-hidden=\"true\"><\/i><a href=\"https:\/\/lubmax.eu\/de\/project\/kuechenpapier-topseller\"><\/a><\/div><div class=\"eael-entry-thumbnail \">\n                 <img width=\"768\" height=\"662\" src=\"https:\/\/lubmax.eu\/wp-content\/uploads\/2022\/07\/topseller_-768x662.jpg\" class=\"attachment-medium_large size-medium_large wp-image-31654\" alt=\"topseller_\" decoding=\"async\" loading=\"lazy\" srcset=\"https:\/\/lubmax.eu\/wp-content\/uploads\/2022\/07\/topseller_-768x662.jpg 768w, https:\/\/lubmax.eu\/wp-content\/uploads\/2022\/07\/topseller_-300x259.jpg 300w, https:\/\/lubmax.eu\/wp-content\/uploads\/2022\/07\/topseller_.jpg 875w\" sizes=\"(max-width: 768px) 100vw, 768px\" \/>\n             <\/div>\n        <\/div><div class=\"eael-entry-wrapper\"><header class=\"eael-entry-header\"><h2 class=\"eael-entry-title\"><a\n                        class=\"eael-grid-post-link\"\n                        href=\"https:\/\/lubmax.eu\/de\/project\/kuechenpapier-topseller\"\n                        title=\"K\u00fcchenpapier TOPSELLER\">K\u00fcchenpapier TOPSELLER<\/a><\/h2><\/header><div class=\"eael-entry-content\">\n                        <div class=\"eael-grid-post-excerpt\"><p>15 St\u00fcck pro Packung<\/p><\/div>\n                    <\/div><\/div><\/div>\n        <\/div>\n    <\/article><article class=\"eael-grid-post eael-post-grid-column\" data-id=\"22522\">\n        <div class=\"eael-grid-post-holder\">\n            <div class=\"eael-grid-post-holder-inner\"><div class=\"eael-entry-media\"><div class=\"eael-entry-overlay none\"><i class=\"fas fa-long-arrow-alt-right\" aria-hidden=\"true\"><\/i><a href=\"https:\/\/lubmax.eu\/de\/project\/grillholzkohle-2-kg\"><\/a><\/div><div class=\"eael-entry-thumbnail \">\n                 <img width=\"768\" height=\"512\" src=\"https:\/\/lubmax.eu\/wp-content\/uploads\/2020\/06\/PhotoRoom_20220710_120517-768x512.jpg\" class=\"attachment-medium_large size-medium_large wp-image-39141\" alt=\"PhotoRoom_20220710_120517\" decoding=\"async\" loading=\"lazy\" srcset=\"https:\/\/lubmax.eu\/wp-content\/uploads\/2020\/06\/PhotoRoom_20220710_120517-768x512.jpg 768w, https:\/\/lubmax.eu\/wp-content\/uploads\/2020\/06\/PhotoRoom_20220710_120517-300x200.jpg 300w, https:\/\/lubmax.eu\/wp-content\/uploads\/2020\/06\/PhotoRoom_20220710_120517-1024x683.jpg 1024w, https:\/\/lubmax.eu\/wp-content\/uploads\/2020\/06\/PhotoRoom_20220710_120517-1536x1024.jpg 1536w, https:\/\/lubmax.eu\/wp-content\/uploads\/2020\/06\/PhotoRoom_20220710_120517-2048x1365.jpg 2048w\" sizes=\"(max-width: 768px) 100vw, 768px\" \/>\n             <\/div>\n        <\/div><div class=\"eael-entry-wrapper\"><header class=\"eael-entry-header\"><h2 class=\"eael-entry-title\"><a\n                        class=\"eael-grid-post-link\"\n                        href=\"https:\/\/lubmax.eu\/de\/project\/grillholzkohle-2-kg\"\n                        title=\"Grillholzkohle \/ Grillholzkohlebriketts\">Grillholzkohle \/ Grillholzkohlebriketts<\/a><\/h2><\/header><div class=\"eael-entry-content\">\n                        <div class=\"eael-grid-post-excerpt\"><p>Nettogewicht: 2\/2,5 kg<\/p><\/div>\n                    <\/div><\/div><\/div>\n        <\/div>\n    <\/article><article class=\"eael-grid-post eael-post-grid-column\" data-id=\"21539\">\n        <div class=\"eael-grid-post-holder\">\n            <div class=\"eael-grid-post-holder-inner\"><div class=\"eael-entry-media\"><div class=\"eael-entry-overlay none\"><i class=\"fas fa-long-arrow-alt-right\" aria-hidden=\"true\"><\/i><a href=\"https:\/\/lubmax.eu\/de\/project\/toilettenpapier-topseller-8st-2w-lagig\"><\/a><\/div><div class=\"eael-entry-thumbnail \">\n                 <img width=\"516\" height=\"200\" src=\"https:\/\/lubmax.eu\/wp-content\/uploads\/2020\/03\/unknown-1-1.jpg\" class=\"attachment-medium_large size-medium_large wp-image-25824\" alt=\"Papier Toaletowy TOPSELLER 8 szt\" decoding=\"async\" loading=\"lazy\" srcset=\"https:\/\/lubmax.eu\/wp-content\/uploads\/2020\/03\/unknown-1-1.jpg 516w, https:\/\/lubmax.eu\/wp-content\/uploads\/2020\/03\/unknown-1-1-300x116.jpg 300w\" sizes=\"(max-width: 516px) 100vw, 516px\" \/>\n             <\/div>\n        <\/div><div class=\"eael-entry-wrapper\"><header class=\"eael-entry-header\"><h2 class=\"eael-entry-title\"><a\n                        class=\"eael-grid-post-link\"\n                        href=\"https:\/\/lubmax.eu\/de\/project\/toilettenpapier-topseller-8st-2w-lagig\"\n                        title=\"Toilettenpapier TOPSELLER 8 st 2w\/lagig\">Toilettenpapier TOPSELLER 8 st 2w\/lagig<\/a><\/h2><\/header><div class=\"eael-entry-content\">\n                        <div class=\"eael-grid-post-excerpt\"><p>8 St\u00fcck pro Packung, Ein Karton enth\u00e4lt 7 Packungen mit je 8 St\u00fcck<\/p><\/div>\n                    <\/div><\/div><\/div>\n        <\/div>\n    <\/article><article class=\"eael-grid-post eael-post-grid-column\" data-id=\"16936\">\n        <div class=\"eael-grid-post-holder\">\n            <div class=\"eael-grid-post-holder-inner\"><div class=\"eael-entry-media\"><div class=\"eael-entry-overlay none\"><i class=\"fas fa-long-arrow-alt-right\" aria-hidden=\"true\"><\/i><a href=\"https:\/\/lubmax.eu\/de\/project\/polyethylenfolie\"><\/a><\/div><div class=\"eael-entry-thumbnail \">\n                 <img width=\"432\" height=\"650\" src=\"https:\/\/lubmax.eu\/wp-content\/uploads\/2017\/05\/folia.jpg\" class=\"attachment-medium_large size-medium_large wp-image-16554\" alt=\"folia\" decoding=\"async\" loading=\"lazy\" srcset=\"https:\/\/lubmax.eu\/wp-content\/uploads\/2017\/05\/folia.jpg 432w, https:\/\/lubmax.eu\/wp-content\/uploads\/2017\/05\/folia-199x300.jpg 199w\" sizes=\"(max-width: 432px) 100vw, 432px\" \/>\n             <\/div>\n        <\/div><div class=\"eael-entry-wrapper\"><header class=\"eael-entry-header\"><h2 class=\"eael-entry-title\"><a\n                        class=\"eael-grid-post-link\"\n                        href=\"https:\/\/lubmax.eu\/de\/project\/polyethylenfolie\"\n                        title=\"Polyethylenfolie 2,7 kg\">Polyethylenfolie 2,7 kg<\/a><\/h2><\/header><div class=\"eael-entry-content\">\n                        <div class=\"eael-grid-post-excerpt\"><p>Packung \u00e0 6 St\u00fcck Das Sortiment: transparent<\/p><\/div>\n                    <\/div><\/div><\/div>\n        <\/div>\n    <\/article><article class=\"eael-grid-post eael-post-grid-column\" data-id=\"16938\">\n        <div class=\"eael-grid-post-holder\">\n            <div class=\"eael-grid-post-holder-inner\"><div class=\"eael-entry-media\"><div class=\"eael-entry-overlay none\"><i class=\"fas fa-long-arrow-alt-right\" aria-hidden=\"true\"><\/i><a href=\"https:\/\/lubmax.eu\/de\/project\/kunststoffeimer-mit-deckel\"><\/a><\/div><div class=\"eael-entry-thumbnail \">\n                 <img width=\"650\" height=\"495\" src=\"https:\/\/lubmax.eu\/wp-content\/uploads\/2017\/05\/wiadra.jpg\" class=\"attachment-medium_large size-medium_large wp-image-16559\" alt=\"\u041f\u043b\u0430\u0441\u0442\u0438\u043a\u043e\u0432\u044b\u0435 \u043a\u043e\u043d\u0442\u0435\u0439\u043d\u0435\u0440\u044b \u0441 \u043a\u0440\u044b\u0448\u043a\u043e\u0439\" decoding=\"async\" loading=\"lazy\" srcset=\"https:\/\/lubmax.eu\/wp-content\/uploads\/2017\/05\/wiadra.jpg 650w, https:\/\/lubmax.eu\/wp-content\/uploads\/2017\/05\/wiadra-300x228.jpg 300w\" sizes=\"(max-width: 650px) 100vw, 650px\" \/>\n             <\/div>\n        <\/div><div class=\"eael-entry-wrapper\"><header class=\"eael-entry-header\"><h2 class=\"eael-entry-title\"><a\n                        class=\"eael-grid-post-link\"\n                        href=\"https:\/\/lubmax.eu\/de\/project\/kunststoffeimer-mit-deckel\"\n                        title=\"Kunststoffeimer mit Deckel\">Kunststoffeimer mit Deckel<\/a><\/h2><\/header><div class=\"eael-entry-content\">\n                        <div class=\"eael-grid-post-excerpt\"><p>Auf Lager: 3 Liter, Packung \u00e0 30 St\u00fcck, 1100 ml, Packung \u00e0 80 St\u00fcck, 800 ml, Packung \u00e0 50 St\u00fcck...<\/p><\/div>\n                    <\/div><\/div><\/div>\n        <\/div>\n    <\/article><\/div>\n            <div class=\"clearfix\"><\/div>\n        <\/div>\t\t<\/div>\n\t\t\t\t<\/div>\n\t\t\t\t\t<\/div>\n\t\t<\/div>\n\t\t\t\t<div class=\"elementor-column elementor-col-50 elementor-inner-column elementor-element elementor-element-c39636b elementor-hidden-tablet elementor-hidden-mobile\" data-id=\"c39636b\" data-element_type=\"column\">\n\t\t\t<div class=\"elementor-widget-wrap elementor-element-populated\">\n\t\t\t\t\t\t\t\t<div class=\"elementor-element elementor-element-6f50291 elementor-widget elementor-widget-sidebar\" data-id=\"6f50291\" data-element_type=\"widget\" data-widget_type=\"sidebar.default\">\n\t\t\t\t<div class=\"elementor-widget-container\">\n\t\t\t<section id=\"nav_menu-2\" class=\"widget widget_nav_menu\"><div class=\"menu-vertical-menu-pl-nemetskij-container\"><ul id=\"menu-vertical-menu-pl-nemetskij\" class=\"menu\"><li id=\"menu-item-16702\" class=\"menu-item menu-item-type-post_type menu-item-object-post menu-item-home menu-item-16702\"><a href=\"https:\/\/lubmax.eu\/de\">\u00dcber uns<\/a><\/li>\n<li id=\"menu-item-15198\" class=\"menu-item menu-item-type-post_type menu-item-object-post menu-item-15198\"><a href=\"https:\/\/lubmax.eu\/de\/angebot\">Angebot<\/a><\/li>\n<li id=\"menu-item-38135\" class=\"menu-item menu-item-type-post_type menu-item-object-page menu-item-38135\"><a href=\"https:\/\/lubmax.eu\/de\/angebot-der-woche\">Angebot der Woche<\/a><\/li>\n<li id=\"menu-item-16661\" class=\"menu-item menu-item-type-post_type menu-item-object-post menu-item-16661\"><a href=\"https:\/\/lubmax.eu\/de\/frisches-obst\">Frisches Obst<\/a><\/li>\n<li id=\"menu-item-43391\" class=\"menu-item menu-item-type-post_type menu-item-object-page menu-item-43391\"><a href=\"https:\/\/lubmax.eu\/de\/galerie\">Galerie<\/a><\/li>\n<li id=\"menu-item-15199\" class=\"menu-item menu-item-type-post_type menu-item-object-post menu-item-15199\"><a href=\"https:\/\/lubmax.eu\/de\/kontakt\">Kontakt<\/a><\/li>\n<li id=\"menu-item-16662\" class=\"menu-item menu-item-type-post_type menu-item-object-post menu-item-16662\"><a href=\"https:\/\/lubmax.eu\/de\/frisches-gemuse\">Frisches Gem\u00fcse<\/a><\/li>\n<li id=\"menu-item-42521\" class=\"menu-item menu-item-type-post_type menu-item-object-page menu-item-42521\"><a href=\"https:\/\/lubmax.eu\/de\/eigene-produkte\">Eigene Produkte<\/a><\/li>\n<li id=\"menu-item-39993\" class=\"menu-item menu-item-type-post_type menu-item-object-page menu-item-39993\"><a href=\"https:\/\/lubmax.eu\/de\/getrocknete-obst-und-pilze\">Getrocknete Obst und Pilze<\/a><\/li>\n<li id=\"menu-item-16663\" class=\"menu-item menu-item-type-post_type menu-item-object-post menu-item-16663\"><a href=\"https:\/\/lubmax.eu\/de\/eingelegtes\">Sauergem\u00fcse<\/a><\/li>\n<li id=\"menu-item-16664\" class=\"menu-item menu-item-type-post_type menu-item-object-post menu-item-has-children menu-item-16664\"><a href=\"https:\/\/lubmax.eu\/de\/milch-und-molkereierzeugnisse\">Milch- und Molkereierzeugnisse<\/a>\n<ul class=\"sub-menu\">\n\t<li id=\"menu-item-21822\" class=\"menu-item menu-item-type-post_type menu-item-object-page menu-item-21822\"><a href=\"https:\/\/lubmax.eu\/de\/lubmax\">Lubmax<\/a><\/li>\n\t<li id=\"menu-item-21821\" class=\"menu-item menu-item-type-post_type menu-item-object-page menu-item-21821\"><a href=\"https:\/\/lubmax.eu\/de\/mlekovita\">Mlekovita<\/a><\/li>\n\t<li id=\"menu-item-21820\" class=\"menu-item menu-item-type-post_type menu-item-object-page menu-item-21820\"><a href=\"https:\/\/lubmax.eu\/de\/zott-mlekpol-krasnystaw-piatnica\">Andere<\/a><\/li>\n<\/ul>\n<\/li>\n<li id=\"menu-item-21767\" class=\"menu-item menu-item-type-post_type menu-item-object-page menu-item-has-children menu-item-21767\"><a href=\"https:\/\/lubmax.eu\/de\/fleischerzeugnisse_sokolow\">Fleischerzeugnisse<\/a>\n<ul class=\"sub-menu\">\n\t<li id=\"menu-item-45417\" class=\"menu-item menu-item-type-post_type menu-item-object-page menu-item-45417\"><a href=\"https:\/\/lubmax.eu\/de\/sokolow-2\">Sokolow<\/a><\/li>\n\t<li id=\"menu-item-46467\" class=\"menu-item menu-item-type-post_type menu-item-object-page menu-item-46467\"><a href=\"https:\/\/lubmax.eu\/de\/bohodukhivskyi\">Bohodukhivskyi<\/a><\/li>\n<\/ul>\n<\/li>\n<li id=\"menu-item-16666\" class=\"menu-item menu-item-type-post_type menu-item-object-post menu-item-16666\"><a href=\"https:\/\/lubmax.eu\/de\/fertiggerichte\">Fertiggerichte<\/a><\/li>\n<li id=\"menu-item-16667\" class=\"menu-item menu-item-type-post_type menu-item-object-post menu-item-has-children menu-item-16667\"><a href=\"https:\/\/lubmax.eu\/de\/fleisch-und-fischkonserven\">Fleisch-und Fischkonserven<\/a>\n<ul class=\"sub-menu\">\n\t<li id=\"menu-item-40488\" class=\"menu-item menu-item-type-post_type menu-item-object-page menu-item-40488\"><a href=\"https:\/\/lubmax.eu\/de\/admiral-franco\">Admiral Franco<\/a><\/li>\n\t<li id=\"menu-item-32055\" class=\"menu-item menu-item-type-post_type menu-item-object-post menu-item-32055\"><a href=\"https:\/\/lubmax.eu\/de\/fleischkonserven-lukow\">Fleischkonserven \u0141uk\u00f3w<\/a><\/li>\n<\/ul>\n<\/li>\n<li id=\"menu-item-16668\" class=\"menu-item menu-item-type-post_type menu-item-object-post menu-item-has-children menu-item-16668\"><a href=\"https:\/\/lubmax.eu\/de\/gemusekonserven\">Gem\u00fcsekonserven<\/a>\n<ul class=\"sub-menu\">\n\t<li id=\"menu-item-21916\" class=\"menu-item menu-item-type-post_type menu-item-object-page menu-item-21916\"><a href=\"https:\/\/lubmax.eu\/de\/frubex\">Frubex<\/a><\/li>\n\t<li id=\"menu-item-21917\" class=\"menu-item menu-item-type-post_type menu-item-object-page menu-item-21917\"><a href=\"https:\/\/lubmax.eu\/de\/vitarol\">Vitarol<\/a><\/li>\n\t<li id=\"menu-item-21915\" class=\"menu-item menu-item-type-post_type menu-item-object-page menu-item-21915\"><a href=\"https:\/\/lubmax.eu\/de\/green-garden-und-andere\">Jamar, Green Garden und andere<\/a><\/li>\n<\/ul>\n<\/li>\n<li id=\"menu-item-16669\" class=\"menu-item menu-item-type-post_type menu-item-object-post menu-item-16669\"><a href=\"https:\/\/lubmax.eu\/de\/susigkeiten\">S\u00fc\u00dfigkeiten und Snacks<\/a><\/li>\n<li id=\"menu-item-16670\" class=\"menu-item menu-item-type-post_type menu-item-object-post menu-item-16670\"><a href=\"https:\/\/lubmax.eu\/de\/safte-limonaden-und-sirupe\">S\u00e4fte, Limonaden und Sirupe<\/a><\/li>\n<li id=\"menu-item-16671\" class=\"menu-item menu-item-type-post_type menu-item-object-post menu-item-16671\"><a href=\"https:\/\/lubmax.eu\/de\/grob-und-teigwaren\">Gr\u00fctze, Nudeln, Mehl<\/a><\/li>\n<li id=\"menu-item-16672\" class=\"menu-item menu-item-type-post_type menu-item-object-post menu-item-16672\"><a href=\"https:\/\/lubmax.eu\/de\/saucen-und-gewurze\">Saucen und Gew\u00fcrze<\/a><\/li>\n<li id=\"menu-item-16673\" class=\"menu-item menu-item-type-post_type menu-item-object-post menu-item-16673\"><a href=\"https:\/\/lubmax.eu\/de\/eier\">Eier<\/a><\/li>\n<li id=\"menu-item-16674\" class=\"menu-item menu-item-type-post_type menu-item-object-post menu-item-16674\"><a href=\"https:\/\/lubmax.eu\/de\/nonfood-produkte\">Nonfood \u2014 Produkte<\/a><\/li>\n<li id=\"menu-item-16675\" class=\"menu-item menu-item-type-post_type menu-item-object-post menu-item-16675\"><a href=\"https:\/\/lubmax.eu\/de\/apfel-vorubergehend-nicht-verfugbar\">\u00c4pfel vor\u00fcbergehend nicht verf\u00fcgbar<\/a><\/li>\n<li id=\"menu-item-16676\" class=\"menu-item menu-item-type-post_type menu-item-object-post menu-item-16676\"><a href=\"https:\/\/lubmax.eu\/de\/obst-und-gemuse-der-saison\">Obst und Gem\u00fcse der Saison<\/a><\/li>\n<li id=\"menu-item-wpml-ls-48-de\" class=\"menu-item wpml-ls-slot-48 wpml-ls-item wpml-ls-item-de wpml-ls-current-language wpml-ls-menu-item menu-item-type-wpml_ls_menu_item menu-item-object-wpml_ls_menu_item menu-item-has-children menu-item-wpml-ls-48-de\"><a title=\"Deutsch\" href=\"https:\/\/lubmax.eu\/de\"><img\n            class=\"wpml-ls-flag\"\n            src=\"https:\/\/lubmax.eu\/wp-content\/plugins\/sitepress-multilingual-cms\/res\/flags\/de.png\"\n            alt=\"\"\n            \n            \n    \/><span class=\"wpml-ls-display\">Deutsch<\/span><\/a>\n<ul class=\"sub-menu\">\n\t<li id=\"menu-item-wpml-ls-48-pl\" class=\"menu-item wpml-ls-slot-48 wpml-ls-item wpml-ls-item-pl wpml-ls-menu-item wpml-ls-first-item menu-item-type-wpml_ls_menu_item menu-item-object-wpml_ls_menu_item menu-item-wpml-ls-48-pl\"><a title=\"Polnisch\" href=\"https:\/\/lubmax.eu\"><img\n            class=\"wpml-ls-flag\"\n            src=\"https:\/\/lubmax.eu\/wp-content\/plugins\/sitepress-multilingual-cms\/res\/flags\/pl.png\"\n            alt=\"\"\n            \n            \n    \/><span class=\"wpml-ls-display\">Polnisch<\/span><\/a><\/li>\n\t<li id=\"menu-item-wpml-ls-48-ru\" class=\"menu-item wpml-ls-slot-48 wpml-ls-item wpml-ls-item-ru wpml-ls-menu-item wpml-ls-last-item menu-item-type-wpml_ls_menu_item menu-item-object-wpml_ls_menu_item menu-item-wpml-ls-48-ru\"><a title=\"Russisch\" href=\"https:\/\/lubmax.eu\/ru\"><img\n            class=\"wpml-ls-flag\"\n            src=\"https:\/\/lubmax.eu\/wp-content\/plugins\/sitepress-multilingual-cms\/res\/flags\/ru.png\"\n            alt=\"\"\n            \n            \n    \/><span class=\"wpml-ls-display\">Russisch<\/span><\/a><\/li>\n<\/ul>\n<\/li>\n<\/ul><\/div><\/section>\t\t<\/div>\n\t\t\t\t<\/div>\n\t\t\t\t\t<\/div>\n\t\t<\/div>\n\t\t\t\t\t\t\t<\/div>\n\t\t<\/section>\n\t\t\t\t\t<\/div>\n\t\t<\/div>\n\t\t\t\t\t\t\t<\/div>\n\t\t<\/section>\n\t\t\t\t\t\t\t<\/div>\n\t\t","protected":false},"excerpt":{"rendered":"<p>\u041f\u043e\u043b\u043e\u0442\u0435\u043d\u0446\u0430 \u0431\u0443\u043c\u0430\u0436\u043d\u044b\u0435 XXL \u0434\u0432\u0443\u0441\u043b\u043e\u0439\u043d\u044b\u0435 1 \u0448\u0442\u0443\u043a\u0430 \u0432 \u0443\u043f\u0430\u043a\u043e\u0432\u043a\u0435, \u0432 \u043f\u0430\u043a\u0435\u0442\u0430\u0445 \u043f\u043e 15 \u0443\u043f\u0430\u043a\u043e\u0432\u043e\u043a \u0423\u0433\u043e\u043b\u044c \u0434\u0440\u0435\u0432\u0435\u0441\u043d\u044b\u0439 \/ \u0434\u0440\u0435\u0432\u0435\u0441\u043d\u043e-\u0443\u0433\u043e\u043b\u044c\u043d\u044b\u0435 \u0431\u0440\u0438\u043a\u0435\u0442\u044b 2 \u043a\u0433 \u0412\u0435\u0441 \u043d\u0435\u0442\u0442\u043e: 2 \u043a\u0433 \u0422\u0443\u0430\u043b\u0435\u0442\u043d\u0430\u044f \u0431\u0443\u043c\u0430\u0433\u0430 TOPSELLER 8 \u0448\u0442 2-\u0441\u043b\u043e\u0439\u043d\u0430\u044f 8 \u0448\u0442\u0443\u043a \u0432 \u0443\u043f\u0430\u043a\u043e\u0432\u043a\u0435, \u043f\u0440\u043e\u0434\u0430\u0435\u0442\u0441\u044f \u043a\u043e\u0440\u043e\u0431\u043a\u0430\u043c\u0438 \u043f\u043e 7 \u0443\u043f\u0430\u043a\u043e\u0432\u043e\u043a \u041f\u043e\u043b\u0438\u044d\u0442\u0438\u043b\u0435\u043d\u043e\u0432\u0430\u044f \u043f\u043b\u0435\u043d\u043a\u0430 2,7 \u043a\u0433 \u041f\u0440\u043e\u0434\u0430\u0435\u0442\u0441\u044f \u0432 \u0443\u043f\u0430\u043a\u043e\u0432\u043a\u0430\u0445 \u043f\u043e 6 \u0448\u0442\u0443\u043a, \u043f\u0440\u043e\u0437\u0440\u0430\u0447\u043d\u0430\u044f \u041f\u043b\u0430\u0441\u0442\u0438\u043a\u043e\u0432\u044b\u0435 \u043a\u043e\u043d\u0442\u0435\u0439\u043d\u0435\u0440\u044b \u0441 \u043a\u0440\u044b\u0448\u043a\u043e\u0439 3&hellip;<\/p>\n","protected":false},"author":1,"featured_media":0,"parent":0,"menu_order":0,"comment_status":"closed","ping_status":"closed","template":"elementor_header_footer","meta":{"_links_to":"","_links_to_target":""},"_links":{"self":[{"href":"https:\/\/lubmax.eu\/de\/wp-json\/wp\/v2\/pages\/16644"}],"collection":[{"href":"https:\/\/lubmax.eu\/de\/wp-json\/wp\/v2\/pages"}],"about":[{"href":"https:\/\/lubmax.eu\/de\/wp-json\/wp\/v2\/types\/page"}],"author":[{"embeddable":true,"href":"https:\/\/lubmax.eu\/de\/wp-json\/wp\/v2\/users\/1"}],"replies":[{"embeddable":true,"href":"https:\/\/lubmax.eu\/de\/wp-json\/wp\/v2\/comments?post=16644"}],"version-history":[{"count":7,"href":"https:\/\/lubmax.eu\/de\/wp-json\/wp\/v2\/pages\/16644\/revisions"}],"predecessor-version":[{"id":37773,"href":"https:\/\/lubmax.eu\/de\/wp-json\/wp\/v2\/pages\/16644\/revisions\/37773"}],"wp:attachment":[{"href":"https:\/\/lubmax.eu\/de\/wp-json\/wp\/v2\/media?parent=16644"}],"curies":[{"name":"wp","href":"https:\/\/api.w.org\/{rel}","templated":true}]}}