{"id":38119,"date":"2023-04-26T09:11:54","date_gmt":"2023-04-26T06:11:54","guid":{"rendered":"https:\/\/lubmax.eu\/?page_id=38119"},"modified":"2024-02-20T15:30:48","modified_gmt":"2024-02-20T12:30:48","slug":"angebot-der-woche","status":"publish","type":"page","link":"https:\/\/lubmax.eu\/de\/angebot-der-woche","title":{"rendered":"Angebot der Woche"},"content":{"rendered":"\t\t<div data-elementor-type=\"wp-page\" data-elementor-id=\"38119\" class=\"elementor elementor-38119 elementor-38102\">\n\t\t\t\t\t\t\t\t\t<section class=\"elementor-section elementor-top-section elementor-element elementor-element-9f34e37 elementor-section-boxed elementor-section-height-default elementor-section-height-default\" data-id=\"9f34e37\" data-element_type=\"section\">\n\t\t\t\t\t\t<div class=\"elementor-container elementor-column-gap-default\">\n\t\t\t\t\t<div class=\"elementor-column elementor-col-100 elementor-top-column elementor-element elementor-element-cb2b75b\" data-id=\"cb2b75b\" data-element_type=\"column\">\n\t\t\t<div class=\"elementor-widget-wrap elementor-element-populated\">\n\t\t\t\t\t\t\t\t<section class=\"elementor-section elementor-inner-section elementor-element elementor-element-bbc53bd elementor-section-boxed elementor-section-height-default elementor-section-height-default\" data-id=\"bbc53bd\" data-element_type=\"section\">\n\t\t\t\t\t\t<div class=\"elementor-container elementor-column-gap-default\">\n\t\t\t\t\t<div class=\"elementor-column elementor-col-50 elementor-inner-column elementor-element elementor-element-de1a7b5\" data-id=\"de1a7b5\" data-element_type=\"column\">\n\t\t\t<div class=\"elementor-widget-wrap elementor-element-populated\">\n\t\t\t\t\t\t\t\t<div class=\"elementor-element elementor-element-978021e elementor-grid-eael-col-2 elementor-grid-tablet-eael-col-2 elementor-grid-mobile-eael-col-1 elementor-widget elementor-widget-eael-post-grid\" data-id=\"978021e\" data-element_type=\"widget\" data-settings=\"{&quot;eael_post_grid_columns&quot;:&quot;eael-col-2&quot;,&quot;eael_post_grid_columns_tablet&quot;:&quot;eael-col-2&quot;,&quot;eael_post_grid_columns_mobile&quot;:&quot;eael-col-1&quot;}\" data-widget_type=\"eael-post-grid.default\">\n\t\t\t\t<div class=\"elementor-widget-container\">\n\t\t\t<div id=\"eael-post-grid-978021e\" class=\"eael-post-grid-container\">\n            <div class=\"eael-post-grid eael-post-appender eael-post-appender-978021e eael-post-grid-style-three\" data-layout-mode=\"masonry\"><article class=\"eael-grid-post eael-post-grid-column\" data-id=\"36897\">\n        <div class=\"eael-grid-post-holder\">\n            <div class=\"eael-grid-post-holder-inner\"><div class=\"eael-entry-media\"><div class=\"eael-entry-overlay none\"><i class=\"fas fa-long-arrow-alt-right\" aria-hidden=\"true\"><\/i><a href=\"https:\/\/lubmax.eu\/de\/project\/jablka-mutsu\"><\/a><\/div><div class=\"eael-entry-thumbnail \">\n                 <img width=\"768\" height=\"512\" src=\"https:\/\/lubmax.eu\/wp-content\/uploads\/2017\/04\/jablka-mutsu-768x512.jpg\" class=\"attachment-medium_large size-medium_large wp-image-15362\" alt=\"jablka-mutsu\" decoding=\"async\" loading=\"lazy\" srcset=\"https:\/\/lubmax.eu\/wp-content\/uploads\/2017\/04\/jablka-mutsu-768x512.jpg 768w, https:\/\/lubmax.eu\/wp-content\/uploads\/2017\/04\/jablka-mutsu-300x200.jpg 300w, https:\/\/lubmax.eu\/wp-content\/uploads\/2017\/04\/jablka-mutsu-1024x683.jpg 1024w\" sizes=\"(max-width: 768px) 100vw, 768px\" \/>\n             <\/div>\n        <\/div><div class=\"eael-entry-wrapper\"><header class=\"eael-entry-header\"><h2 class=\"eael-entry-title\"><a\n                        class=\"eael-grid-post-link\"\n                        href=\"https:\/\/lubmax.eu\/de\/project\/jablka-mutsu\"\n                        title=\"Apfel Mutsu\">Apfel Mutsu<\/a><\/h2><\/header><div class=\"eael-entry-content\">\n                        <div class=\"eael-grid-post-excerpt\"><p>Nettogewicht: 13 kg<\/p><\/div>\n                    <\/div><\/div><\/div>\n        <\/div>\n    <\/article><article class=\"eael-grid-post eael-post-grid-column\" data-id=\"16787\">\n        <div class=\"eael-grid-post-holder\">\n            <div class=\"eael-grid-post-holder-inner\"><div class=\"eael-entry-media\"><div class=\"eael-entry-overlay none\"><i class=\"fas fa-long-arrow-alt-right\" aria-hidden=\"true\"><\/i><a href=\"https:\/\/lubmax.eu\/de\/project\/apfel-red-prince\"><\/a><\/div><div class=\"eael-entry-thumbnail \">\n                 <img width=\"640\" height=\"426\" src=\"https:\/\/lubmax.eu\/wp-content\/uploads\/2017\/04\/jablka-red-prince.jpg\" class=\"attachment-medium_large size-medium_large wp-image-15425\" alt=\"jablka-red-prince\" decoding=\"async\" loading=\"lazy\" srcset=\"https:\/\/lubmax.eu\/wp-content\/uploads\/2017\/04\/jablka-red-prince.jpg 640w, https:\/\/lubmax.eu\/wp-content\/uploads\/2017\/04\/jablka-red-prince-300x200.jpg 300w\" sizes=\"(max-width: 640px) 100vw, 640px\" \/>\n             <\/div>\n        <\/div><div class=\"eael-entry-wrapper\"><header class=\"eael-entry-header\"><h2 class=\"eael-entry-title\"><a\n                        class=\"eael-grid-post-link\"\n                        href=\"https:\/\/lubmax.eu\/de\/project\/apfel-red-prince\"\n                        title=\"Apfel Red Prince\">Apfel Red Prince<\/a><\/h2><\/header><div class=\"eael-entry-content\">\n                        <div class=\"eael-grid-post-excerpt\"><p>Nettogewicht: 13 kg<\/p><\/div>\n                    <\/div><\/div><\/div>\n        <\/div>\n    <\/article><article class=\"eael-grid-post eael-post-grid-column\" data-id=\"17123\">\n        <div class=\"eael-grid-post-holder\">\n            <div class=\"eael-grid-post-holder-inner\"><div class=\"eael-entry-media\"><div class=\"eael-entry-overlay none\"><i class=\"fas fa-long-arrow-alt-right\" aria-hidden=\"true\"><\/i><a href=\"https:\/\/lubmax.eu\/de\/project\/dosen-mais\"><\/a><\/div><div class=\"eael-entry-thumbnail \">\n                 <img width=\"768\" height=\"441\" src=\"https:\/\/lubmax.eu\/wp-content\/uploads\/2020\/03\/kukurydza-konserwowa-green-garden-768x441.jpg\" class=\"attachment-medium_large size-medium_large wp-image-28027\" alt=\"Dosen Mais GREEN GARDEN\" decoding=\"async\" loading=\"lazy\" srcset=\"https:\/\/lubmax.eu\/wp-content\/uploads\/2020\/03\/kukurydza-konserwowa-green-garden-768x441.jpg 768w, https:\/\/lubmax.eu\/wp-content\/uploads\/2020\/03\/kukurydza-konserwowa-green-garden-300x172.jpg 300w, https:\/\/lubmax.eu\/wp-content\/uploads\/2020\/03\/kukurydza-konserwowa-green-garden-1024x588.jpg 1024w, https:\/\/lubmax.eu\/wp-content\/uploads\/2020\/03\/kukurydza-konserwowa-green-garden.jpg 1200w\" sizes=\"(max-width: 768px) 100vw, 768px\" \/>\n             <\/div>\n        <\/div><div class=\"eael-entry-wrapper\"><header class=\"eael-entry-header\"><h2 class=\"eael-entry-title\"><a\n                        class=\"eael-grid-post-link\"\n                        href=\"https:\/\/lubmax.eu\/de\/project\/dosen-mais\"\n                        title=\"Dosen Mais GREEN GARDEN\">Dosen Mais GREEN GARDEN<\/a><\/h2><\/header><div class=\"eael-entry-content\">\n                        <div class=\"eael-grid-post-excerpt\"><p>Nettogewicht: 400 g Packung \u00e0 10 St\u00fcck<\/p><\/div>\n                    <\/div><\/div><\/div>\n        <\/div>\n    <\/article><article class=\"eael-grid-post eael-post-grid-column\" data-id=\"16761\">\n        <div class=\"eael-grid-post-holder\">\n            <div class=\"eael-grid-post-holder-inner\"><div class=\"eael-entry-media\"><div class=\"eael-entry-overlay none\"><i class=\"fas fa-long-arrow-alt-right\" aria-hidden=\"true\"><\/i><a href=\"https:\/\/lubmax.eu\/de\/project\/rote-bete\"><\/a><\/div><div class=\"eael-entry-thumbnail \">\n                 <img width=\"640\" height=\"399\" src=\"https:\/\/lubmax.eu\/wp-content\/uploads\/2017\/04\/burak.jpg\" class=\"attachment-medium_large size-medium_large wp-image-15514\" alt=\"Rote Bete\" decoding=\"async\" loading=\"lazy\" srcset=\"https:\/\/lubmax.eu\/wp-content\/uploads\/2017\/04\/burak.jpg 640w, https:\/\/lubmax.eu\/wp-content\/uploads\/2017\/04\/burak-300x187.jpg 300w\" sizes=\"(max-width: 640px) 100vw, 640px\" \/>\n             <\/div>\n        <\/div><div class=\"eael-entry-wrapper\"><header class=\"eael-entry-header\"><h2 class=\"eael-entry-title\"><a\n                        class=\"eael-grid-post-link\"\n                        href=\"https:\/\/lubmax.eu\/de\/project\/rote-bete\"\n                        title=\"Rote Bete\">Rote Bete<\/a><\/h2><\/header><div class=\"eael-entry-content\">\n                        <div class=\"eael-grid-post-excerpt\"><p>Nettogewicht: 10 kg<\/p><\/div>\n                    <\/div><\/div><\/div>\n        <\/div>\n    <\/article><\/div>\n            <div class=\"clearfix\"><\/div>\n        <\/div>\t\t<\/div>\n\t\t\t\t<\/div>\n\t\t\t\t\t<\/div>\n\t\t<\/div>\n\t\t\t\t<div class=\"elementor-column elementor-col-50 elementor-inner-column elementor-element elementor-element-25e5f0d elementor-hidden-tablet elementor-hidden-mobile\" data-id=\"25e5f0d\" data-element_type=\"column\">\n\t\t\t<div class=\"elementor-widget-wrap elementor-element-populated\">\n\t\t\t\t\t\t\t\t<div class=\"elementor-element elementor-element-d859ead elementor-widget elementor-widget-sidebar\" data-id=\"d859ead\" data-element_type=\"widget\" data-widget_type=\"sidebar.default\">\n\t\t\t\t<div class=\"elementor-widget-container\">\n\t\t\t<section id=\"nav_menu-2\" class=\"widget widget_nav_menu\"><div class=\"menu-vertical-menu-pl-nemetskij-container\"><ul id=\"menu-vertical-menu-pl-nemetskij\" class=\"menu\"><li id=\"menu-item-16702\" class=\"menu-item menu-item-type-post_type menu-item-object-post menu-item-home menu-item-16702\"><a href=\"https:\/\/lubmax.eu\/de\">\u00dcber uns<\/a><\/li>\n<li id=\"menu-item-15198\" class=\"menu-item menu-item-type-post_type menu-item-object-post menu-item-15198\"><a href=\"https:\/\/lubmax.eu\/de\/angebot\">Angebot<\/a><\/li>\n<li id=\"menu-item-38135\" class=\"menu-item menu-item-type-post_type menu-item-object-page menu-item-38135\"><a href=\"https:\/\/lubmax.eu\/de\/angebot-der-woche\">Angebot der Woche<\/a><\/li>\n<li id=\"menu-item-16661\" class=\"menu-item menu-item-type-post_type menu-item-object-post menu-item-16661\"><a href=\"https:\/\/lubmax.eu\/de\/frisches-obst\">Frisches Obst<\/a><\/li>\n<li id=\"menu-item-43391\" class=\"menu-item menu-item-type-post_type menu-item-object-page menu-item-43391\"><a href=\"https:\/\/lubmax.eu\/de\/galerie\">Galerie<\/a><\/li>\n<li id=\"menu-item-15199\" class=\"menu-item menu-item-type-post_type menu-item-object-post menu-item-15199\"><a href=\"https:\/\/lubmax.eu\/de\/kontakt\">Kontakt<\/a><\/li>\n<li id=\"menu-item-16662\" class=\"menu-item menu-item-type-post_type menu-item-object-post menu-item-16662\"><a href=\"https:\/\/lubmax.eu\/de\/frisches-gemuse\">Frisches Gem\u00fcse<\/a><\/li>\n<li id=\"menu-item-42521\" class=\"menu-item menu-item-type-post_type menu-item-object-page menu-item-42521\"><a href=\"https:\/\/lubmax.eu\/de\/eigene-produkte\">Eigene Produkte<\/a><\/li>\n<li id=\"menu-item-39993\" class=\"menu-item menu-item-type-post_type menu-item-object-page menu-item-39993\"><a href=\"https:\/\/lubmax.eu\/de\/getrocknete-obst-und-pilze\">Getrocknete Obst und Pilze<\/a><\/li>\n<li id=\"menu-item-16663\" class=\"menu-item menu-item-type-post_type menu-item-object-post menu-item-16663\"><a href=\"https:\/\/lubmax.eu\/de\/eingelegtes\">Sauergem\u00fcse<\/a><\/li>\n<li id=\"menu-item-16664\" class=\"menu-item menu-item-type-post_type menu-item-object-post menu-item-has-children menu-item-16664\"><a href=\"https:\/\/lubmax.eu\/de\/milch-und-molkereierzeugnisse\">Milch- und Molkereierzeugnisse<\/a>\n<ul class=\"sub-menu\">\n\t<li id=\"menu-item-21822\" class=\"menu-item menu-item-type-post_type menu-item-object-page menu-item-21822\"><a href=\"https:\/\/lubmax.eu\/de\/lubmax\">Lubmax<\/a><\/li>\n\t<li id=\"menu-item-21821\" class=\"menu-item menu-item-type-post_type menu-item-object-page menu-item-21821\"><a href=\"https:\/\/lubmax.eu\/de\/mlekovita\">Mlekovita<\/a><\/li>\n\t<li id=\"menu-item-21820\" class=\"menu-item menu-item-type-post_type menu-item-object-page menu-item-21820\"><a href=\"https:\/\/lubmax.eu\/de\/zott-mlekpol-krasnystaw-piatnica\">Andere<\/a><\/li>\n<\/ul>\n<\/li>\n<li id=\"menu-item-21767\" class=\"menu-item menu-item-type-post_type menu-item-object-page menu-item-has-children menu-item-21767\"><a href=\"https:\/\/lubmax.eu\/de\/fleischerzeugnisse_sokolow\">Fleischerzeugnisse<\/a>\n<ul class=\"sub-menu\">\n\t<li id=\"menu-item-45417\" class=\"menu-item menu-item-type-post_type menu-item-object-page menu-item-45417\"><a href=\"https:\/\/lubmax.eu\/de\/sokolow-2\">Sokolow<\/a><\/li>\n\t<li id=\"menu-item-46467\" class=\"menu-item menu-item-type-post_type menu-item-object-page menu-item-46467\"><a href=\"https:\/\/lubmax.eu\/de\/bohodukhivskyi\">Bohodukhivskyi<\/a><\/li>\n<\/ul>\n<\/li>\n<li id=\"menu-item-16666\" class=\"menu-item menu-item-type-post_type menu-item-object-post menu-item-16666\"><a href=\"https:\/\/lubmax.eu\/de\/fertiggerichte\">Fertiggerichte<\/a><\/li>\n<li id=\"menu-item-16667\" class=\"menu-item menu-item-type-post_type menu-item-object-post menu-item-has-children menu-item-16667\"><a href=\"https:\/\/lubmax.eu\/de\/fleisch-und-fischkonserven\">Fleisch-und Fischkonserven<\/a>\n<ul class=\"sub-menu\">\n\t<li id=\"menu-item-40488\" class=\"menu-item menu-item-type-post_type menu-item-object-page menu-item-40488\"><a href=\"https:\/\/lubmax.eu\/de\/admiral-franco\">Admiral Franco<\/a><\/li>\n\t<li id=\"menu-item-32055\" class=\"menu-item menu-item-type-post_type menu-item-object-post menu-item-32055\"><a href=\"https:\/\/lubmax.eu\/de\/fleischkonserven-lukow\">Fleischkonserven \u0141uk\u00f3w<\/a><\/li>\n<\/ul>\n<\/li>\n<li id=\"menu-item-16668\" class=\"menu-item menu-item-type-post_type menu-item-object-post menu-item-has-children menu-item-16668\"><a href=\"https:\/\/lubmax.eu\/de\/gemusekonserven\">Gem\u00fcsekonserven<\/a>\n<ul class=\"sub-menu\">\n\t<li id=\"menu-item-21916\" class=\"menu-item menu-item-type-post_type menu-item-object-page menu-item-21916\"><a href=\"https:\/\/lubmax.eu\/de\/frubex\">Frubex<\/a><\/li>\n\t<li id=\"menu-item-21917\" class=\"menu-item menu-item-type-post_type menu-item-object-page menu-item-21917\"><a href=\"https:\/\/lubmax.eu\/de\/vitarol\">Vitarol<\/a><\/li>\n\t<li id=\"menu-item-21915\" class=\"menu-item menu-item-type-post_type menu-item-object-page menu-item-21915\"><a href=\"https:\/\/lubmax.eu\/de\/green-garden-und-andere\">Jamar, Green Garden und andere<\/a><\/li>\n<\/ul>\n<\/li>\n<li id=\"menu-item-16669\" class=\"menu-item menu-item-type-post_type menu-item-object-post menu-item-16669\"><a href=\"https:\/\/lubmax.eu\/de\/susigkeiten\">S\u00fc\u00dfigkeiten und Snacks<\/a><\/li>\n<li id=\"menu-item-16670\" class=\"menu-item menu-item-type-post_type menu-item-object-post menu-item-16670\"><a href=\"https:\/\/lubmax.eu\/de\/safte-limonaden-und-sirupe\">S\u00e4fte, Limonaden und Sirupe<\/a><\/li>\n<li id=\"menu-item-16671\" class=\"menu-item menu-item-type-post_type menu-item-object-post menu-item-16671\"><a href=\"https:\/\/lubmax.eu\/de\/grob-und-teigwaren\">Gr\u00fctze, Nudeln, Mehl<\/a><\/li>\n<li id=\"menu-item-16672\" class=\"menu-item menu-item-type-post_type menu-item-object-post menu-item-16672\"><a href=\"https:\/\/lubmax.eu\/de\/saucen-und-gewurze\">Saucen und Gew\u00fcrze<\/a><\/li>\n<li id=\"menu-item-16673\" class=\"menu-item menu-item-type-post_type menu-item-object-post menu-item-16673\"><a href=\"https:\/\/lubmax.eu\/de\/eier\">Eier<\/a><\/li>\n<li id=\"menu-item-16674\" class=\"menu-item menu-item-type-post_type menu-item-object-post menu-item-16674\"><a href=\"https:\/\/lubmax.eu\/de\/nonfood-produkte\">Nonfood \u2014 Produkte<\/a><\/li>\n<li id=\"menu-item-16675\" class=\"menu-item menu-item-type-post_type menu-item-object-post menu-item-16675\"><a href=\"https:\/\/lubmax.eu\/de\/apfel-vorubergehend-nicht-verfugbar\">\u00c4pfel vor\u00fcbergehend nicht verf\u00fcgbar<\/a><\/li>\n<li id=\"menu-item-16676\" class=\"menu-item menu-item-type-post_type menu-item-object-post menu-item-16676\"><a href=\"https:\/\/lubmax.eu\/de\/obst-und-gemuse-der-saison\">Obst und Gem\u00fcse der Saison<\/a><\/li>\n<li id=\"menu-item-wpml-ls-48-de\" class=\"menu-item wpml-ls-slot-48 wpml-ls-item wpml-ls-item-de wpml-ls-current-language wpml-ls-menu-item menu-item-type-wpml_ls_menu_item menu-item-object-wpml_ls_menu_item menu-item-has-children menu-item-wpml-ls-48-de\"><a title=\"Deutsch\" href=\"https:\/\/lubmax.eu\/de\"><img\n            class=\"wpml-ls-flag\"\n            src=\"https:\/\/lubmax.eu\/wp-content\/plugins\/sitepress-multilingual-cms\/res\/flags\/de.png\"\n            alt=\"\"\n            \n            \n    \/><span class=\"wpml-ls-display\">Deutsch<\/span><\/a>\n<ul class=\"sub-menu\">\n\t<li id=\"menu-item-wpml-ls-48-pl\" class=\"menu-item wpml-ls-slot-48 wpml-ls-item wpml-ls-item-pl wpml-ls-menu-item wpml-ls-first-item menu-item-type-wpml_ls_menu_item menu-item-object-wpml_ls_menu_item menu-item-wpml-ls-48-pl\"><a title=\"Polnisch\" href=\"https:\/\/lubmax.eu\"><img\n            class=\"wpml-ls-flag\"\n            src=\"https:\/\/lubmax.eu\/wp-content\/plugins\/sitepress-multilingual-cms\/res\/flags\/pl.png\"\n            alt=\"\"\n            \n            \n    \/><span class=\"wpml-ls-display\">Polnisch<\/span><\/a><\/li>\n\t<li id=\"menu-item-wpml-ls-48-ru\" class=\"menu-item wpml-ls-slot-48 wpml-ls-item wpml-ls-item-ru wpml-ls-menu-item wpml-ls-last-item menu-item-type-wpml_ls_menu_item menu-item-object-wpml_ls_menu_item menu-item-wpml-ls-48-ru\"><a title=\"Russisch\" href=\"https:\/\/lubmax.eu\/ru\"><img\n            class=\"wpml-ls-flag\"\n            src=\"https:\/\/lubmax.eu\/wp-content\/plugins\/sitepress-multilingual-cms\/res\/flags\/ru.png\"\n            alt=\"\"\n            \n            \n    \/><span class=\"wpml-ls-display\">Russisch<\/span><\/a><\/li>\n<\/ul>\n<\/li>\n<\/ul><\/div><\/section>\t\t<\/div>\n\t\t\t\t<\/div>\n\t\t\t\t\t<\/div>\n\t\t<\/div>\n\t\t\t\t\t\t\t<\/div>\n\t\t<\/section>\n\t\t\t\t\t<\/div>\n\t\t<\/div>\n\t\t\t\t\t\t\t<\/div>\n\t\t<\/section>\n\t\t\t\t\t\t\t<\/div>\n\t\t","protected":false},"excerpt":{"rendered":"<p>Og\u00f3rki gruntowe Waga netto: 10 kg w workach Og\u00f3rki kr\u00f3tkie Waga netto: 5 kg Filety sledziowe w sosie pomidorowym 170g Waga netto: 170 g; Opakowanie zbiorcze: 6 szt. Filety z makreli w oleju 170g Waga netto: 170 g; Opakowanie zbiorcze: 6 szt. Filety z makreli w sosie pomidorowym 170g Waga netto: 170 g; Opakowanie zbiorcze:&hellip;<\/p>\n","protected":false},"author":1,"featured_media":0,"parent":0,"menu_order":0,"comment_status":"closed","ping_status":"closed","template":"elementor_header_footer","meta":{"_links_to":"","_links_to_target":""},"_links":{"self":[{"href":"https:\/\/lubmax.eu\/de\/wp-json\/wp\/v2\/pages\/38119"}],"collection":[{"href":"https:\/\/lubmax.eu\/de\/wp-json\/wp\/v2\/pages"}],"about":[{"href":"https:\/\/lubmax.eu\/de\/wp-json\/wp\/v2\/types\/page"}],"author":[{"embeddable":true,"href":"https:\/\/lubmax.eu\/de\/wp-json\/wp\/v2\/users\/1"}],"replies":[{"embeddable":true,"href":"https:\/\/lubmax.eu\/de\/wp-json\/wp\/v2\/comments?post=38119"}],"version-history":[{"count":20,"href":"https:\/\/lubmax.eu\/de\/wp-json\/wp\/v2\/pages\/38119\/revisions"}],"predecessor-version":[{"id":42370,"href":"https:\/\/lubmax.eu\/de\/wp-json\/wp\/v2\/pages\/38119\/revisions\/42370"}],"wp:attachment":[{"href":"https:\/\/lubmax.eu\/de\/wp-json\/wp\/v2\/media?parent=38119"}],"curies":[{"name":"wp","href":"https:\/\/api.w.org\/{rel}","templated":true}]}}