{"id":40486,"date":"2023-11-30T13:01:37","date_gmt":"2023-11-30T10:01:37","guid":{"rendered":"https:\/\/lubmax.eu\/admiral-franco"},"modified":"2023-11-30T18:04:08","modified_gmt":"2023-11-30T15:04:08","slug":"admiral-franco","status":"publish","type":"page","link":"https:\/\/lubmax.eu\/de\/admiral-franco","title":{"rendered":"Admiral Franco"},"content":{"rendered":"\t\t<div data-elementor-type=\"wp-page\" data-elementor-id=\"40486\" class=\"elementor elementor-40486 elementor-40481\">\n\t\t\t\t\t\t\t\t\t<section class=\"elementor-section elementor-top-section elementor-element elementor-element-94cff6e elementor-section-boxed elementor-section-height-default elementor-section-height-default\" data-id=\"94cff6e\" data-element_type=\"section\">\n\t\t\t\t\t\t<div class=\"elementor-container elementor-column-gap-default\">\n\t\t\t\t\t<div class=\"elementor-column elementor-col-100 elementor-top-column elementor-element elementor-element-c417602\" data-id=\"c417602\" data-element_type=\"column\">\n\t\t\t<div class=\"elementor-widget-wrap elementor-element-populated\">\n\t\t\t\t\t\t\t\t<div class=\"elementor-element elementor-element-9ced509 elementor-grid-eael-col-2 elementor-grid-tablet-eael-col-2 elementor-grid-mobile-eael-col-1 elementor-widget elementor-widget-eael-post-grid\" data-id=\"9ced509\" data-element_type=\"widget\" data-settings=\"{&quot;eael_post_grid_columns&quot;:&quot;eael-col-2&quot;,&quot;eael_post_grid_columns_tablet&quot;:&quot;eael-col-2&quot;,&quot;eael_post_grid_columns_mobile&quot;:&quot;eael-col-1&quot;}\" data-widget_type=\"eael-post-grid.default\">\n\t\t\t\t<div class=\"elementor-widget-container\">\n\t\t\t<div id=\"eael-post-grid-9ced509\" class=\"eael-post-grid-container\">\n            <div class=\"eael-post-grid eael-post-appender eael-post-appender-9ced509 eael-post-grid-style-three\" data-layout-mode=\"masonry\"><p class=\"no-posts-found\">No posts found!<\/p><\/div>\n            <div class=\"clearfix\"><\/div>\n        <\/div>\t\t<\/div>\n\t\t\t\t<\/div>\n\t\t\t\t\t<\/div>\n\t\t<\/div>\n\t\t\t\t\t\t\t<\/div>\n\t\t<\/section>\n\t\t\t\t\t\t\t<\/div>\n\t\t","protected":false},"excerpt":{"rendered":"<p>HERING FILLETS IN TOMATENSOSSE 170G Nettogewicht: 170 g; Sammelverpackung: 6 St\u00fcck. Heringsfilets in \u00d6l 170g Nettogewicht: 170 g; Sammelverpackung: 6 St\u00fcck. Makrelenfilets in \u00d6l 170g Nettogewicht: 170 g; Sammelverpackung: 6 St\u00fcck. Makrelenfilets in Tomatensauce 170g Nettogewicht: 170 g; Sammelverpackung: 6 St\u00fcck. Sprotten Ger\u00e4ucherte in \u00d6l 170g Nettogewicht: 170 g; Sammelverpackung: 6 St\u00fcck. Sprotte in Tomatensauce&hellip;<\/p>\n","protected":false},"author":1,"featured_media":0,"parent":0,"menu_order":0,"comment_status":"closed","ping_status":"closed","template":"","meta":{"_links_to":"","_links_to_target":""},"_links":{"self":[{"href":"https:\/\/lubmax.eu\/de\/wp-json\/wp\/v2\/pages\/40486"}],"collection":[{"href":"https:\/\/lubmax.eu\/de\/wp-json\/wp\/v2\/pages"}],"about":[{"href":"https:\/\/lubmax.eu\/de\/wp-json\/wp\/v2\/types\/page"}],"author":[{"embeddable":true,"href":"https:\/\/lubmax.eu\/de\/wp-json\/wp\/v2\/users\/1"}],"replies":[{"embeddable":true,"href":"https:\/\/lubmax.eu\/de\/wp-json\/wp\/v2\/comments?post=40486"}],"version-history":[{"count":3,"href":"https:\/\/lubmax.eu\/de\/wp-json\/wp\/v2\/pages\/40486\/revisions"}],"predecessor-version":[{"id":40763,"href":"https:\/\/lubmax.eu\/de\/wp-json\/wp\/v2\/pages\/40486\/revisions\/40763"}],"wp:attachment":[{"href":"https:\/\/lubmax.eu\/de\/wp-json\/wp\/v2\/media?parent=40486"}],"curies":[{"name":"wp","href":"https:\/\/api.w.org\/{rel}","templated":true}]}}